{"id":456,"date":"2022-01-17T05:32:43","date_gmt":"2022-01-17T05:32:43","guid":{"rendered":"http:\/\/gruponutre.com\/?post_type=product&#038;p=456"},"modified":"2022-03-18T00:31:43","modified_gmt":"2022-03-18T00:31:43","slug":"biorigin-macrogard","status":"publish","type":"product","link":"http:\/\/gruponutre.com\/index.php\/producto\/biorigin-macrogard\/","title":{"rendered":"Macrogard"},"content":{"rendered":"<p class=\"a-b-r-La\">Es una fuente de beta 1,3\/1,6 glucanos altamente purificados, expuestos y preservados, producidos a partir de una cepa especialmente seleccionada de la levadura de Saccharomyces cerevisae.<\/p>\n<p>Los beta-glucanos tienen un efecto modulador en el sistema inmunol\u00f3gico, haciendo a los animales m\u00e1s resistentes ante los problemas de salud.<\/p>\n<p><strong>BETA 1,3\/1,6 GLUCANOS PURIFICADOS<\/strong><\/p>\n<p><strong>MacroGard<\/strong>\u00a0es una fuente de beta 1,3\/1,6 glucanos altamente purificados, expuestos y preservados, producidos a partir de una cepa especialmente seleccionada de la levadura de\u00a0<em>Saccharomyces cerevisae<\/em>.<\/p>\n<p>La inclusi\u00f3n de beta 1,3\/1,6 glucanos en las dietas de animales de compa\u00f1\u00eda, animales de producci\u00f3n y organismos acu\u00e1ticos tiene el potencial de equilibrar sus defensas naturales contribuyendo a una protecci\u00f3n m\u00e1s eficiente frente a los desaf\u00edos a los que estos animales son sometidos.<\/p>\n<p><strong>Beneficios:<\/strong><\/p>\n<p>\u2022 Mejora las defensas naturales<br \/>\n\u2022 Contribuye al equilibrio de la microbiota intestinal al reducir el riesgo y la gravedad de la colonizaci\u00f3n de microorganismos indeseables<br \/>\n\u2022 Contribuye a un mejor estado de salud, optimizando la eficacia de las vacunas (efecto adyuvante)<\/p>\n<p><strong>\u00a0<\/strong><img decoding=\"async\" class=\"alignnone size-medium wp-image-501\" src=\"http:\/\/gruponutre.com\/wp-content\/uploads\/2022\/01\/Macrogard-4-300x68.jpg\" alt=\"\" width=\"300\" height=\"68\" srcset=\"http:\/\/gruponutre.com\/wp-content\/uploads\/2022\/01\/Macrogard-4-300x68.jpg 300w, http:\/\/gruponutre.com\/wp-content\/uploads\/2022\/01\/Macrogard-4-454x103.jpg 454w, http:\/\/gruponutre.com\/wp-content\/uploads\/2022\/01\/Macrogard-4.jpg 735w\" sizes=\"(max-width: 300px) 100vw, 300px\" \/><\/p>\n","protected":false},"excerpt":{"rendered":"<p>Es una fuente de beta 1,3\/1,6 glucanos altamente purificados, expuestos y preservados, producidos a partir de una cepa especialmente seleccionada de la levadura de Saccharomyces cerevisae. Los beta-glucanos tienen un efecto modulador en el sistema inmunol\u00f3gico, haciendo a los animales m\u00e1s resistentes ante los problemas de salud. BETA 1,3\/1,6 GLUCANOS PURIFICADOS MacroGard\u00a0es una fuente de [&hellip;]<\/p>\n","protected":false},"featured_media":688,"comment_status":"open","ping_status":"closed","template":"","meta":{"ocean_post_layout":"","ocean_both_sidebars_style":"","ocean_both_sidebars_content_width":0,"ocean_both_sidebars_sidebars_width":0,"ocean_sidebar":"0","ocean_second_sidebar":"0","ocean_disable_margins":"enable","ocean_add_body_class":"","ocean_shortcode_before_top_bar":"","ocean_shortcode_after_top_bar":"","ocean_shortcode_before_header":"","ocean_shortcode_after_header":"","ocean_has_shortcode":"","ocean_shortcode_after_title":"","ocean_shortcode_before_footer_widgets":"","ocean_shortcode_after_footer_widgets":"","ocean_shortcode_before_footer_bottom":"","ocean_shortcode_after_footer_bottom":"","ocean_display_top_bar":"default","ocean_display_header":"default","ocean_header_style":"","ocean_center_header_left_menu":"0","ocean_custom_header_template":"0","ocean_custom_logo":0,"ocean_custom_retina_logo":0,"ocean_custom_logo_max_width":0,"ocean_custom_logo_tablet_max_width":0,"ocean_custom_logo_mobile_max_width":0,"ocean_custom_logo_max_height":0,"ocean_custom_logo_tablet_max_height":0,"ocean_custom_logo_mobile_max_height":0,"ocean_header_custom_menu":"0","ocean_menu_typo_font_family":"0","ocean_menu_typo_font_subset":"","ocean_menu_typo_font_size":0,"ocean_menu_typo_font_size_tablet":0,"ocean_menu_typo_font_size_mobile":0,"ocean_menu_typo_font_size_unit":"px","ocean_menu_typo_font_weight":"","ocean_menu_typo_font_weight_tablet":"","ocean_menu_typo_font_weight_mobile":"","ocean_menu_typo_transform":"","ocean_menu_typo_transform_tablet":"","ocean_menu_typo_transform_mobile":"","ocean_menu_typo_line_height":0,"ocean_menu_typo_line_height_tablet":0,"ocean_menu_typo_line_height_mobile":0,"ocean_menu_typo_line_height_unit":"","ocean_menu_typo_spacing":0,"ocean_menu_typo_spacing_tablet":0,"ocean_menu_typo_spacing_mobile":0,"ocean_menu_typo_spacing_unit":"","ocean_menu_link_color":"","ocean_menu_link_color_hover":"","ocean_menu_link_color_active":"","ocean_menu_link_background":"","ocean_menu_link_hover_background":"","ocean_menu_link_active_background":"","ocean_menu_social_links_bg":"","ocean_menu_social_hover_links_bg":"","ocean_menu_social_links_color":"","ocean_menu_social_hover_links_color":"","ocean_disable_title":"default","ocean_disable_heading":"default","ocean_post_title":"","ocean_post_subheading":"","ocean_post_title_style":"","ocean_post_title_background_color":"","ocean_post_title_background":0,"ocean_post_title_bg_image_position":"","ocean_post_title_bg_image_attachment":"","ocean_post_title_bg_image_repeat":"","ocean_post_title_bg_image_size":"","ocean_post_title_height":0,"ocean_post_title_bg_overlay":0.5,"ocean_post_title_bg_overlay_color":"","ocean_disable_breadcrumbs":"default","ocean_breadcrumbs_color":"","ocean_breadcrumbs_separator_color":"","ocean_breadcrumbs_links_color":"","ocean_breadcrumbs_links_hover_color":"","ocean_display_footer_widgets":"default","ocean_display_footer_bottom":"default","ocean_custom_footer_template":"0","omw_enable_modal_window":"enable"},"product_brand":[],"product_cat":[30],"product_tag":[32,34,33,35],"class_list":{"0":"post-456","1":"product","2":"type-product","3":"status-publish","4":"has-post-thumbnail","6":"product_cat-biorigin","7":"product_tag-aves","8":"product_tag-cerdos","9":"product_tag-peces","10":"product_tag-vacas","12":"entry","13":"has-media","15":"first","16":"instock","17":"shipping-taxable","18":"product-type-simple","19":"has-product-nav","20":"col","21":"span_1_of_3","22":"owp-content-center","23":"owp-thumbs-layout-horizontal","24":"owp-btn-normal","25":"owp-tabs-layout-horizontal"},"_links":{"self":[{"href":"http:\/\/gruponutre.com\/index.php\/wp-json\/wp\/v2\/product\/456","targetHints":{"allow":["GET"]}}],"collection":[{"href":"http:\/\/gruponutre.com\/index.php\/wp-json\/wp\/v2\/product"}],"about":[{"href":"http:\/\/gruponutre.com\/index.php\/wp-json\/wp\/v2\/types\/product"}],"replies":[{"embeddable":true,"href":"http:\/\/gruponutre.com\/index.php\/wp-json\/wp\/v2\/comments?post=456"}],"wp:featuredmedia":[{"embeddable":true,"href":"http:\/\/gruponutre.com\/index.php\/wp-json\/wp\/v2\/media\/688"}],"wp:attachment":[{"href":"http:\/\/gruponutre.com\/index.php\/wp-json\/wp\/v2\/media?parent=456"}],"wp:term":[{"taxonomy":"product_brand","embeddable":true,"href":"http:\/\/gruponutre.com\/index.php\/wp-json\/wp\/v2\/product_brand?post=456"},{"taxonomy":"product_cat","embeddable":true,"href":"http:\/\/gruponutre.com\/index.php\/wp-json\/wp\/v2\/product_cat?post=456"},{"taxonomy":"product_tag","embeddable":true,"href":"http:\/\/gruponutre.com\/index.php\/wp-json\/wp\/v2\/product_tag?post=456"}],"curies":[{"name":"wp","href":"https:\/\/api.w.org\/{rel}","templated":true}]}}