{"id":461,"date":"2022-01-21T21:55:18","date_gmt":"2022-01-21T21:55:18","guid":{"rendered":"http:\/\/gruponutre.com\/?post_type=product&#038;p=461"},"modified":"2024-11-04T16:44:36","modified_gmt":"2024-11-04T16:44:36","slug":"active-mos","status":"publish","type":"product","link":"http:\/\/gruponutre.com\/index.php\/producto\/active-mos\/","title":{"rendered":"Active MOS"},"content":{"rendered":"<p class=\"a-b-r-La\">Es una fuente de carbohidratos funcionales que favorecen la salud y preservaci\u00f3n del buen funcionamiento del tracto gastrointestinal, reflej\u00e1ndose positivamente en el desempe\u00f1o animal.<\/p>\n<p>El buen funcionamiento del tracto gastrointestinal se refleja de manera positiva en el rendimiento animal. Complementa la dieta alimenticia con un aditivo como ActiveMOS para favorecer la salud intestinal de tus animales.<\/p>\n<p><strong>MANANOLIGOSAC\u00c1RIDOS (MOS)<\/strong><\/p>\n<p><strong>ActiveMOS<\/strong>\u00a0es una fuente de carbohidratos funcionales que favorecen la salud y preservaci\u00f3n del buen funcionamiento del tracto gastrointestinal, reflej\u00e1ndose positivamente en el desempe\u00f1o animal.<\/p>\n<p><strong>Beneficios:<\/strong><\/p>\n<p>\u2022 Favorece el crecimiento de las bacterias beneficiosas<br \/>\n\u2022 Proporciona el equilibrio de la microbiota intestinal a trav\u00e9s de la aglutinaci\u00f3n de pat\u00f3genos<br \/>\n\u2022 Preserva la integridad de las barreras intestinales<br \/>\n\u2022 Efectos positivos en el rendimiento y la productividad animal.<\/p>\n","protected":false},"excerpt":{"rendered":"<p>Es una fuente de carbohidratos funcionales que favorecen la salud y preservaci\u00f3n del buen funcionamiento del tracto gastrointestinal, reflej\u00e1ndose positivamente en el desempe\u00f1o animal. El buen funcionamiento del tracto gastrointestinal se refleja de manera positiva en el rendimiento animal. Complementa la dieta alimenticia con un aditivo como ActiveMOS para favorecer la salud intestinal de tus [&hellip;]<\/p>\n","protected":false},"featured_media":689,"comment_status":"open","ping_status":"closed","template":"","meta":{"ocean_post_layout":"","ocean_both_sidebars_style":"","ocean_both_sidebars_content_width":0,"ocean_both_sidebars_sidebars_width":0,"ocean_sidebar":"0","ocean_second_sidebar":"0","ocean_disable_margins":"enable","ocean_add_body_class":"","ocean_shortcode_before_top_bar":"","ocean_shortcode_after_top_bar":"","ocean_shortcode_before_header":"","ocean_shortcode_after_header":"","ocean_has_shortcode":"","ocean_shortcode_after_title":"","ocean_shortcode_before_footer_widgets":"","ocean_shortcode_after_footer_widgets":"","ocean_shortcode_before_footer_bottom":"","ocean_shortcode_after_footer_bottom":"","ocean_display_top_bar":"default","ocean_display_header":"default","ocean_header_style":"","ocean_center_header_left_menu":"0","ocean_custom_header_template":"0","ocean_custom_logo":0,"ocean_custom_retina_logo":0,"ocean_custom_logo_max_width":0,"ocean_custom_logo_tablet_max_width":0,"ocean_custom_logo_mobile_max_width":0,"ocean_custom_logo_max_height":0,"ocean_custom_logo_tablet_max_height":0,"ocean_custom_logo_mobile_max_height":0,"ocean_header_custom_menu":"0","ocean_menu_typo_font_family":"0","ocean_menu_typo_font_subset":"","ocean_menu_typo_font_size":0,"ocean_menu_typo_font_size_tablet":0,"ocean_menu_typo_font_size_mobile":0,"ocean_menu_typo_font_size_unit":"px","ocean_menu_typo_font_weight":"","ocean_menu_typo_font_weight_tablet":"","ocean_menu_typo_font_weight_mobile":"","ocean_menu_typo_transform":"","ocean_menu_typo_transform_tablet":"","ocean_menu_typo_transform_mobile":"","ocean_menu_typo_line_height":0,"ocean_menu_typo_line_height_tablet":0,"ocean_menu_typo_line_height_mobile":0,"ocean_menu_typo_line_height_unit":"","ocean_menu_typo_spacing":0,"ocean_menu_typo_spacing_tablet":0,"ocean_menu_typo_spacing_mobile":0,"ocean_menu_typo_spacing_unit":"","ocean_menu_link_color":"","ocean_menu_link_color_hover":"","ocean_menu_link_color_active":"","ocean_menu_link_background":"","ocean_menu_link_hover_background":"","ocean_menu_link_active_background":"","ocean_menu_social_links_bg":"","ocean_menu_social_hover_links_bg":"","ocean_menu_social_links_color":"","ocean_menu_social_hover_links_color":"","ocean_disable_title":"default","ocean_disable_heading":"default","ocean_post_title":"","ocean_post_subheading":"","ocean_post_title_style":"","ocean_post_title_background_color":"","ocean_post_title_background":0,"ocean_post_title_bg_image_position":"","ocean_post_title_bg_image_attachment":"","ocean_post_title_bg_image_repeat":"","ocean_post_title_bg_image_size":"","ocean_post_title_height":0,"ocean_post_title_bg_overlay":0.5,"ocean_post_title_bg_overlay_color":"","ocean_disable_breadcrumbs":"default","ocean_breadcrumbs_color":"","ocean_breadcrumbs_separator_color":"","ocean_breadcrumbs_links_color":"","ocean_breadcrumbs_links_hover_color":"","ocean_display_footer_widgets":"default","ocean_display_footer_bottom":"default","ocean_custom_footer_template":"0","omw_enable_modal_window":"enable"},"product_brand":[],"product_cat":[30],"product_tag":[32,34,33,35],"class_list":{"0":"post-461","1":"product","2":"type-product","3":"status-publish","4":"has-post-thumbnail","6":"product_cat-biorigin","7":"product_tag-aves","8":"product_tag-cerdos","9":"product_tag-peces","10":"product_tag-vacas","12":"entry","13":"has-media","15":"first","16":"instock","17":"shipping-taxable","18":"product-type-simple","19":"has-product-nav","20":"col","21":"span_1_of_3","22":"owp-content-center","23":"owp-thumbs-layout-horizontal","24":"owp-btn-normal","25":"owp-tabs-layout-horizontal"},"_links":{"self":[{"href":"http:\/\/gruponutre.com\/index.php\/wp-json\/wp\/v2\/product\/461","targetHints":{"allow":["GET"]}}],"collection":[{"href":"http:\/\/gruponutre.com\/index.php\/wp-json\/wp\/v2\/product"}],"about":[{"href":"http:\/\/gruponutre.com\/index.php\/wp-json\/wp\/v2\/types\/product"}],"replies":[{"embeddable":true,"href":"http:\/\/gruponutre.com\/index.php\/wp-json\/wp\/v2\/comments?post=461"}],"wp:featuredmedia":[{"embeddable":true,"href":"http:\/\/gruponutre.com\/index.php\/wp-json\/wp\/v2\/media\/689"}],"wp:attachment":[{"href":"http:\/\/gruponutre.com\/index.php\/wp-json\/wp\/v2\/media?parent=461"}],"wp:term":[{"taxonomy":"product_brand","embeddable":true,"href":"http:\/\/gruponutre.com\/index.php\/wp-json\/wp\/v2\/product_brand?post=461"},{"taxonomy":"product_cat","embeddable":true,"href":"http:\/\/gruponutre.com\/index.php\/wp-json\/wp\/v2\/product_cat?post=461"},{"taxonomy":"product_tag","embeddable":true,"href":"http:\/\/gruponutre.com\/index.php\/wp-json\/wp\/v2\/product_tag?post=461"}],"curies":[{"name":"wp","href":"https:\/\/api.w.org\/{rel}","templated":true}]}}