{"id":17,"date":"2016-08-22T00:24:31","date_gmt":"2016-08-22T00:24:31","guid":{"rendered":"https:\/\/oceanwp.org\/simple\/?page_id=17"},"modified":"2022-02-19T00:24:13","modified_gmt":"2022-02-19T00:24:13","slug":"inicio","status":"publish","type":"page","link":"https:\/\/gruponutre.com\/","title":{"rendered":"Inicio"},"content":{"rendered":"\t\t<div data-elementor-type=\"wp-page\" data-elementor-id=\"17\" class=\"elementor elementor-17\">\n\t\t\t\t\t\t<section class=\"elementor-section elementor-top-section elementor-element elementor-element-cj26yrf elementor-section-height-min-height elementor-section-items-bottom elementor-section-boxed elementor-section-height-default\" data-id=\"cj26yrf\" data-element_type=\"section\" data-e-type=\"section\" data-settings=\"{&quot;background_background&quot;:&quot;classic&quot;}\">\n\t\t\t\t\t\t<div class=\"elementor-container elementor-column-gap-default\">\n\t\t\t\t\t<div class=\"elementor-column elementor-col-100 elementor-top-column elementor-element elementor-element-7830bpk\" data-id=\"7830bpk\" data-element_type=\"column\" data-e-type=\"column\">\n\t\t\t<div class=\"elementor-widget-wrap elementor-element-populated\">\n\t\t\t\t\t\t<div class=\"elementor-element elementor-element-w39gaho elementor-align-center elementor-invisible elementor-widget elementor-widget-button\" data-id=\"w39gaho\" data-element_type=\"widget\" data-e-type=\"widget\" data-settings=\"{&quot;_animation&quot;:&quot;bounceInUp&quot;}\" data-widget_type=\"button.default\">\n\t\t\t\t<div class=\"elementor-widget-container\">\n\t\t\t\t\t\t\t\t\t<div class=\"elementor-button-wrapper\">\n\t\t\t\t\t<a class=\"elementor-button elementor-button-link elementor-size-sm\" href=\"http:\/\/gruponutre.com\/index.php\/shop\/\">\n\t\t\t\t\t\t<span class=\"elementor-button-content-wrapper\">\n\t\t\t\t\t\t<span class=\"elementor-button-icon\">\n\t\t\t\t<i aria-hidden=\"true\" class=\"fas fa-long-arrow-alt-right\"><\/i>\t\t\t<\/span>\n\t\t\t\t\t\t\t\t\t<span class=\"elementor-button-text\">Ir a la tienda <\/span>\n\t\t\t\t\t<\/span>\n\t\t\t\t\t<\/a>\n\t\t\t\t<\/div>\n\t\t\t\t\t\t\t\t<\/div>\n\t\t\t\t<\/div>\n\t\t\t\t\t<\/div>\n\t\t<\/div>\n\t\t\t\t\t<\/div>\n\t\t<\/section>\n\t\t\t\t<section class=\"elementor-section elementor-top-section elementor-element elementor-element-a1a4e86 elementor-section-boxed elementor-section-height-default elementor-section-height-default\" data-id=\"a1a4e86\" data-element_type=\"section\" data-e-type=\"section\" data-settings=\"{&quot;background_background&quot;:&quot;classic&quot;,&quot;shape_divider_bottom&quot;:&quot;book&quot;}\">\n\t\t\t\t\t<div class=\"elementor-shape elementor-shape-bottom\" aria-hidden=\"true\" data-negative=\"false\">\n\t\t\t<svg xmlns=\"http:\/\/www.w3.org\/2000\/svg\" viewBox=\"0 0 1000 100\" preserveAspectRatio=\"none\">\n\t<path class=\"elementor-shape-fill\" d=\"M194,99c186.7,0.7,305-78.3,306-97.2c1,18.9,119.3,97.9,306,97.2c114.3-0.3,194,0.3,194,0.3s0-91.7,0-100c0,0,0,0,0-0 L0,0v99.3C0,99.3,79.7,98.7,194,99z\"\/>\n<\/svg>\t\t<\/div>\n\t\t\t\t\t<div class=\"elementor-container elementor-column-gap-default\">\n\t\t\t\t\t<div class=\"elementor-column elementor-col-100 elementor-top-column elementor-element elementor-element-a8bf75e\" data-id=\"a8bf75e\" data-element_type=\"column\" data-e-type=\"column\">\n\t\t\t<div class=\"elementor-widget-wrap elementor-element-populated\">\n\t\t\t\t\t\t<div class=\"elementor-element elementor-element-aa5e291 elementor-widget elementor-widget-spacer\" data-id=\"aa5e291\" data-element_type=\"widget\" data-e-type=\"widget\" data-widget_type=\"spacer.default\">\n\t\t\t\t<div class=\"elementor-widget-container\">\n\t\t\t\t\t\t\t<div class=\"elementor-spacer\">\n\t\t\t<div class=\"elementor-spacer-inner\"><\/div>\n\t\t<\/div>\n\t\t\t\t\t\t<\/div>\n\t\t\t\t<\/div>\n\t\t\t\t<div class=\"elementor-element elementor-element-01913b7 elementor-widget elementor-widget-heading\" data-id=\"01913b7\" data-element_type=\"widget\" data-e-type=\"widget\" data-widget_type=\"heading.default\">\n\t\t\t\t<div class=\"elementor-widget-container\">\n\t\t\t\t\t<h2 class=\"elementor-heading-title elementor-size-default\">Un buen levante de animales es la clave de una producci\u00f3n exitosa<\/h2>\t\t\t\t<\/div>\n\t\t\t\t<\/div>\n\t\t\t\t<div class=\"elementor-element elementor-element-71f199b elementor-widget elementor-widget-text-editor\" data-id=\"71f199b\" data-element_type=\"widget\" data-e-type=\"widget\" data-widget_type=\"text-editor.default\">\n\t\t\t\t<div class=\"elementor-widget-container\">\n\t\t\t\t\t\t\t\t\t<p>Importamos, comercializamos y distribuimos nutrientes alimenticios, aditivos, desinfectantes, biol\u00f3gicos y enzim\u00e1ticos de procesos biotecnol\u00f3gicos para uso en el sector agroindustrial y pecuario de la m\u00e1s alta calidad proporcionando servicios y asesor\u00eda profesional en la regi\u00f3n Centro Americana.<\/p>\t\t\t\t\t\t\t\t<\/div>\n\t\t\t\t<\/div>\n\t\t\t\t<div class=\"elementor-element elementor-element-ac18818 elementor-widget elementor-widget-spacer\" data-id=\"ac18818\" data-element_type=\"widget\" data-e-type=\"widget\" data-widget_type=\"spacer.default\">\n\t\t\t\t<div class=\"elementor-widget-container\">\n\t\t\t\t\t\t\t<div class=\"elementor-spacer\">\n\t\t\t<div class=\"elementor-spacer-inner\"><\/div>\n\t\t<\/div>\n\t\t\t\t\t\t<\/div>\n\t\t\t\t<\/div>\n\t\t\t\t\t<\/div>\n\t\t<\/div>\n\t\t\t\t\t<\/div>\n\t\t<\/section>\n\t\t\t\t<section class=\"elementor-section elementor-top-section elementor-element elementor-element-057c8hn elementor-section-boxed elementor-section-height-default elementor-section-height-default\" data-id=\"057c8hn\" data-element_type=\"section\" data-e-type=\"section\" data-settings=\"{&quot;background_background&quot;:&quot;classic&quot;,&quot;shape_divider_bottom&quot;:&quot;book&quot;}\">\n\t\t\t\t\t<div class=\"elementor-shape elementor-shape-bottom\" aria-hidden=\"true\" data-negative=\"false\">\n\t\t\t<svg xmlns=\"http:\/\/www.w3.org\/2000\/svg\" viewBox=\"0 0 1000 100\" preserveAspectRatio=\"none\">\n\t<path class=\"elementor-shape-fill\" d=\"M194,99c186.7,0.7,305-78.3,306-97.2c1,18.9,119.3,97.9,306,97.2c114.3-0.3,194,0.3,194,0.3s0-91.7,0-100c0,0,0,0,0-0 L0,0v99.3C0,99.3,79.7,98.7,194,99z\"\/>\n<\/svg>\t\t<\/div>\n\t\t\t\t\t<div class=\"elementor-container elementor-column-gap-default\">\n\t\t\t\t\t<div class=\"elementor-column elementor-col-100 elementor-top-column elementor-element elementor-element-fwlgayk\" data-id=\"fwlgayk\" data-element_type=\"column\" data-e-type=\"column\">\n\t\t\t<div class=\"elementor-widget-wrap elementor-element-populated\">\n\t\t\t\t\t\t<div class=\"elementor-element elementor-element-c87fo6o elementor-widget elementor-widget-heading\" data-id=\"c87fo6o\" data-element_type=\"widget\" data-e-type=\"widget\" data-widget_type=\"heading.default\">\n\t\t\t\t<div class=\"elementor-widget-container\">\n\t\t\t\t\t<h2 class=\"elementor-heading-title elementor-size-default\">\u00daltimos Productos<\/h2>\t\t\t\t<\/div>\n\t\t\t\t<\/div>\n\t\t\t\t<div class=\"elementor-element elementor-element-elmsymn elementor-widget-divider--view-line elementor-widget elementor-widget-divider\" data-id=\"elmsymn\" data-element_type=\"widget\" data-e-type=\"widget\" data-widget_type=\"divider.default\">\n\t\t\t\t<div class=\"elementor-widget-container\">\n\t\t\t\t\t\t\t<div class=\"elementor-divider\">\n\t\t\t<span class=\"elementor-divider-separator\">\n\t\t\t\t\t\t<\/span>\n\t\t<\/div>\n\t\t\t\t\t\t<\/div>\n\t\t\t\t<\/div>\n\t\t\t\t<div class=\"elementor-element elementor-element-tss6bzx elementor-widget elementor-widget-shortcode\" data-id=\"tss6bzx\" data-element_type=\"widget\" data-e-type=\"widget\" data-widget_type=\"shortcode.default\">\n\t\t\t\t<div class=\"elementor-widget-container\">\n\t\t\t\t\t\t\t<div class=\"elementor-shortcode\"><div class=\"woocommerce columns-3 \">\r\n<ul class=\"products oceanwp-row clr grid tablet-col tablet-2-col mobile-col mobile-1-col\">\r\n<li class=\"entry has-media has-product-nav col span_1_of_3 owp-content-center owp-thumbs-layout-horizontal owp-btn-normal owp-tabs-layout-horizontal product type-product post-693 status-publish first instock product_cat-seaweed has-post-thumbnail shipping-taxable product-type-simple\">\n\t<div class=\"product-inner clr\">\r\n\t<div class=\"woo-entry-image-swap woo-entry-image clr\">\r\n\t\t<a href=\"https:\/\/gruponutre.com\/index.php\/producto\/seaweed\/\" class=\"woocommerce-LoopProduct-link\"><img fetchpriority=\"high\" decoding=\"async\" width=\"229\" height=\"332\" src=\"https:\/\/gruponutre.com\/wp-content\/uploads\/2022\/03\/SeaWeed_Transparente.png\" class=\"woo-entry-image-main\" alt=\"SeaWeed\u00ae\" itemprop=\"image\" srcset=\"https:\/\/gruponutre.com\/wp-content\/uploads\/2022\/03\/SeaWeed_Transparente.png 229w, https:\/\/gruponutre.com\/wp-content\/uploads\/2022\/03\/SeaWeed_Transparente-207x300.png 207w\" sizes=\"(max-width: 229px) 100vw, 229px\" \/><img decoding=\"async\" width=\"311\" height=\"107\" src=\"https:\/\/gruponutre.com\/wp-content\/uploads\/2022\/03\/seaweed1.png\" class=\"woo-entry-image-secondary\" alt=\"SeaWeed\u00ae\" itemprop=\"image\" srcset=\"https:\/\/gruponutre.com\/wp-content\/uploads\/2022\/03\/seaweed1.png 311w, https:\/\/gruponutre.com\/wp-content\/uploads\/2022\/03\/seaweed1-300x103.png 300w\" sizes=\"(max-width: 311px) 100vw, 311px\" \/><\/a><a href=\"#\" id=\"product_id_693\" class=\"owp-quick-view\" data-product_id=\"693\" aria-label=\"Vista previa r\u00e1pida de productos SeaWeed\u00ae\"><i class=\" icon-eye\" aria-hidden=\"true\" role=\"img\"><\/i> Vista r\u00e1pida<\/a>\t<\/div><!-- .woo-entry-image-swap -->\r\n\r\n<ul class=\"woo-entry-inner clr\"><li class=\"image-wrap\">\r\n\t<div class=\"woo-entry-image-swap woo-entry-image clr\">\r\n\t\t<a href=\"https:\/\/gruponutre.com\/index.php\/producto\/seaweed\/\" class=\"woocommerce-LoopProduct-link\"><img fetchpriority=\"high\" decoding=\"async\" width=\"229\" height=\"332\" src=\"https:\/\/gruponutre.com\/wp-content\/uploads\/2022\/03\/SeaWeed_Transparente.png\" class=\"woo-entry-image-main\" alt=\"SeaWeed\u00ae\" itemprop=\"image\" srcset=\"https:\/\/gruponutre.com\/wp-content\/uploads\/2022\/03\/SeaWeed_Transparente.png 229w, https:\/\/gruponutre.com\/wp-content\/uploads\/2022\/03\/SeaWeed_Transparente-207x300.png 207w\" sizes=\"(max-width: 229px) 100vw, 229px\" \/><img decoding=\"async\" width=\"311\" height=\"107\" src=\"https:\/\/gruponutre.com\/wp-content\/uploads\/2022\/03\/seaweed1.png\" class=\"woo-entry-image-secondary\" alt=\"SeaWeed\u00ae\" itemprop=\"image\" srcset=\"https:\/\/gruponutre.com\/wp-content\/uploads\/2022\/03\/seaweed1.png 311w, https:\/\/gruponutre.com\/wp-content\/uploads\/2022\/03\/seaweed1-300x103.png 300w\" sizes=\"(max-width: 311px) 100vw, 311px\" \/><\/a><a href=\"#\" id=\"product_id_693\" class=\"owp-quick-view\" data-product_id=\"693\" aria-label=\"Vista previa r\u00e1pida de productos SeaWeed\u00ae\"><i class=\" icon-eye\" aria-hidden=\"true\" role=\"img\"><\/i> Vista r\u00e1pida<\/a>\t<\/div><!-- .woo-entry-image-swap -->\r\n\r\n<\/li><li class=\"category\"><a href=\"https:\/\/gruponutre.com\/index.php\/categoria-producto\/seaweed\/\" rel=\"tag\">Seaweed<\/a><\/li><li class=\"title\"><h2><a href=\"https:\/\/gruponutre.com\/index.php\/producto\/seaweed\/\">SeaWeed\u00ae<\/a><\/h2><\/li><li class=\"price-wrap\">\n<\/li><li class=\"rating\"><\/li><li class=\"btn-wrap clr\"><a href=\"https:\/\/gruponutre.com\/index.php\/producto\/seaweed\/\" aria-describedby=\"woocommerce_loop_add_to_cart_link_describedby_693\" data-quantity=\"1\" class=\"button product_type_simple\" data-product_id=\"693\" data-product_sku=\"\" aria-label=\"Lee m\u00e1s sobre &ldquo;SeaWeed\u00ae&rdquo;\" rel=\"nofollow\" data-success_message=\"\">Leer m\u00e1s<\/a>\t<span id=\"woocommerce_loop_add_to_cart_link_describedby_693\" class=\"screen-reader-text\">\n\t\t\t<\/span>\n<\/li><\/ul><\/div><!-- .product-inner .clr --><\/li>\n<li class=\"entry has-media has-product-nav col span_1_of_3 owp-content-center owp-thumbs-layout-horizontal owp-btn-normal owp-tabs-layout-horizontal product type-product post-683 status-publish instock product_cat-awp has-post-thumbnail shipping-taxable product-type-simple\">\n\t<div class=\"product-inner clr\">\r\n\t<div class=\"woo-entry-image-swap woo-entry-image clr\">\r\n\t\t<a href=\"https:\/\/gruponutre.com\/index.php\/producto\/mix-oil\/\" class=\"woocommerce-LoopProduct-link\"><img decoding=\"async\" width=\"250\" height=\"250\" src=\"https:\/\/gruponutre.com\/wp-content\/uploads\/2022\/03\/mix-oil.jpg\" class=\"woo-entry-image-main\" alt=\"Mix-Oil\" itemprop=\"image\" srcset=\"https:\/\/gruponutre.com\/wp-content\/uploads\/2022\/03\/mix-oil.jpg 250w, https:\/\/gruponutre.com\/wp-content\/uploads\/2022\/03\/mix-oil-150x150.jpg 150w, https:\/\/gruponutre.com\/wp-content\/uploads\/2022\/03\/mix-oil-100x100.jpg 100w\" sizes=\"(max-width: 250px) 100vw, 250px\" \/><img loading=\"lazy\" decoding=\"async\" width=\"348\" height=\"293\" src=\"https:\/\/gruponutre.com\/wp-content\/uploads\/2022\/03\/LOGO-348x293.png\" class=\"woo-entry-image-secondary\" alt=\"Mix-Oil\" itemprop=\"image\" \/><\/a><a href=\"#\" id=\"product_id_683\" class=\"owp-quick-view\" data-product_id=\"683\" aria-label=\"Vista previa r\u00e1pida de productos Mix-Oil\"><i class=\" icon-eye\" aria-hidden=\"true\" role=\"img\"><\/i> Vista r\u00e1pida<\/a>\t<\/div><!-- .woo-entry-image-swap -->\r\n\r\n<ul class=\"woo-entry-inner clr\"><li class=\"image-wrap\">\r\n\t<div class=\"woo-entry-image-swap woo-entry-image clr\">\r\n\t\t<a href=\"https:\/\/gruponutre.com\/index.php\/producto\/mix-oil\/\" class=\"woocommerce-LoopProduct-link\"><img decoding=\"async\" width=\"250\" height=\"250\" src=\"https:\/\/gruponutre.com\/wp-content\/uploads\/2022\/03\/mix-oil.jpg\" class=\"woo-entry-image-main\" alt=\"Mix-Oil\" itemprop=\"image\" srcset=\"https:\/\/gruponutre.com\/wp-content\/uploads\/2022\/03\/mix-oil.jpg 250w, https:\/\/gruponutre.com\/wp-content\/uploads\/2022\/03\/mix-oil-150x150.jpg 150w, https:\/\/gruponutre.com\/wp-content\/uploads\/2022\/03\/mix-oil-100x100.jpg 100w\" sizes=\"(max-width: 250px) 100vw, 250px\" \/><img loading=\"lazy\" decoding=\"async\" width=\"348\" height=\"293\" src=\"https:\/\/gruponutre.com\/wp-content\/uploads\/2022\/03\/LOGO-348x293.png\" class=\"woo-entry-image-secondary\" alt=\"Mix-Oil\" itemprop=\"image\" \/><\/a><a href=\"#\" id=\"product_id_683\" class=\"owp-quick-view\" data-product_id=\"683\" aria-label=\"Vista previa r\u00e1pida de productos Mix-Oil\"><i class=\" icon-eye\" aria-hidden=\"true\" role=\"img\"><\/i> Vista r\u00e1pida<\/a>\t<\/div><!-- .woo-entry-image-swap -->\r\n\r\n<\/li><li class=\"category\"><a href=\"https:\/\/gruponutre.com\/index.php\/categoria-producto\/awp\/\" rel=\"tag\">AWP<\/a><\/li><li class=\"title\"><h2><a href=\"https:\/\/gruponutre.com\/index.php\/producto\/mix-oil\/\">Mix-Oil<\/a><\/h2><\/li><li class=\"price-wrap\">\n<\/li><li class=\"rating\"><\/li><li class=\"btn-wrap clr\"><a href=\"https:\/\/gruponutre.com\/index.php\/producto\/mix-oil\/\" aria-describedby=\"woocommerce_loop_add_to_cart_link_describedby_683\" data-quantity=\"1\" class=\"button product_type_simple\" data-product_id=\"683\" data-product_sku=\"\" aria-label=\"Lee m\u00e1s sobre &ldquo;Mix-Oil&rdquo;\" rel=\"nofollow\" data-success_message=\"\">Leer m\u00e1s<\/a>\t<span id=\"woocommerce_loop_add_to_cart_link_describedby_683\" class=\"screen-reader-text\">\n\t\t\t<\/span>\n<\/li><\/ul><\/div><!-- .product-inner .clr --><\/li>\n<li class=\"entry has-media has-product-nav col span_1_of_3 owp-content-center owp-thumbs-layout-horizontal owp-btn-normal owp-tabs-layout-horizontal has-no-thumbnails product type-product post-680 status-publish last instock product_cat-avilab has-post-thumbnail shipping-taxable product-type-simple\">\n\t<div class=\"product-inner clr\">\r\n\t<div class=\"woo-entry-image clr\">\r\n\t\t<a href=\"https:\/\/gruponutre.com\/index.php\/producto\/avilab-revgen-h7n3\/\" class=\"woocommerce-LoopProduct-link\"><img loading=\"lazy\" decoding=\"async\" width=\"227\" height=\"370\" src=\"https:\/\/gruponutre.com\/wp-content\/uploads\/2022\/03\/Avilab_Revgen_H7N3.png\" class=\"woo-entry-image-main\" alt=\"AVILAB REVGEN H7N3\" itemprop=\"image\" srcset=\"https:\/\/gruponutre.com\/wp-content\/uploads\/2022\/03\/Avilab_Revgen_H7N3.png 227w, https:\/\/gruponutre.com\/wp-content\/uploads\/2022\/03\/Avilab_Revgen_H7N3-184x300.png 184w\" sizes=\"(max-width: 227px) 100vw, 227px\" \/><\/a><a href=\"#\" id=\"product_id_680\" class=\"owp-quick-view\" data-product_id=\"680\" aria-label=\"Vista previa r\u00e1pida de productos AVILAB REVGEN H7N3\"><i class=\" icon-eye\" aria-hidden=\"true\" role=\"img\"><\/i> Vista r\u00e1pida<\/a>\t<\/div><!-- .woo-entry-image -->\r\n\r\n<ul class=\"woo-entry-inner clr\"><li class=\"image-wrap\">\r\n\t<div class=\"woo-entry-image clr\">\r\n\t\t<a href=\"https:\/\/gruponutre.com\/index.php\/producto\/avilab-revgen-h7n3\/\" class=\"woocommerce-LoopProduct-link\"><img loading=\"lazy\" decoding=\"async\" width=\"227\" height=\"370\" src=\"https:\/\/gruponutre.com\/wp-content\/uploads\/2022\/03\/Avilab_Revgen_H7N3.png\" class=\"woo-entry-image-main\" alt=\"AVILAB REVGEN H7N3\" itemprop=\"image\" srcset=\"https:\/\/gruponutre.com\/wp-content\/uploads\/2022\/03\/Avilab_Revgen_H7N3.png 227w, https:\/\/gruponutre.com\/wp-content\/uploads\/2022\/03\/Avilab_Revgen_H7N3-184x300.png 184w\" sizes=\"(max-width: 227px) 100vw, 227px\" \/><\/a><a href=\"#\" id=\"product_id_680\" class=\"owp-quick-view\" data-product_id=\"680\" aria-label=\"Vista previa r\u00e1pida de productos AVILAB REVGEN H7N3\"><i class=\" icon-eye\" aria-hidden=\"true\" role=\"img\"><\/i> Vista r\u00e1pida<\/a>\t<\/div><!-- .woo-entry-image -->\r\n\r\n<\/li><li class=\"category\"><a href=\"https:\/\/gruponutre.com\/index.php\/categoria-producto\/avilab\/\" rel=\"tag\">Avilab<\/a><\/li><li class=\"title\"><h2><a href=\"https:\/\/gruponutre.com\/index.php\/producto\/avilab-revgen-h7n3\/\">AVILAB REVGEN H7N3<\/a><\/h2><\/li><li class=\"price-wrap\">\n<\/li><li class=\"rating\"><\/li><li class=\"btn-wrap clr\"><a href=\"https:\/\/gruponutre.com\/index.php\/producto\/avilab-revgen-h7n3\/\" aria-describedby=\"woocommerce_loop_add_to_cart_link_describedby_680\" data-quantity=\"1\" class=\"button product_type_simple\" data-product_id=\"680\" data-product_sku=\"\" aria-label=\"Lee m\u00e1s sobre &ldquo;AVILAB REVGEN H7N3&rdquo;\" rel=\"nofollow\" data-success_message=\"\">Leer m\u00e1s<\/a>\t<span id=\"woocommerce_loop_add_to_cart_link_describedby_680\" class=\"screen-reader-text\">\n\t\t\t<\/span>\n<\/li><\/ul><\/div><!-- .product-inner .clr --><\/li>\n<\/ul>\n<\/div><\/div>\n\t\t\t\t\t\t<\/div>\n\t\t\t\t<\/div>\n\t\t\t\t\t<\/div>\n\t\t<\/div>\n\t\t\t\t\t<\/div>\n\t\t<\/section>\n\t\t\t\t<\/div>\n\t\t","protected":false},"excerpt":{"rendered":"<p>Ir a la tienda Un buen levante de animales es la clave de una producci\u00f3n exitosa Importamos, comercializamos y distribuimos nutrientes alimenticios, aditivos, desinfectantes, biol\u00f3gicos y enzim\u00e1ticos de procesos biotecnol\u00f3gicos para uso en el sector agroindustrial y pecuario de la m\u00e1s alta calidad proporcionando servicios y asesor\u00eda profesional en la regi\u00f3n Centro Americana. \u00daltimos Productos<\/p>\n","protected":false},"author":2,"featured_media":0,"parent":0,"menu_order":0,"comment_status":"closed","ping_status":"closed","template":"","meta":{"ocean_post_layout":"full-screen","ocean_both_sidebars_style":"","ocean_both_sidebars_content_width":0,"ocean_both_sidebars_sidebars_width":0,"ocean_sidebar":"0","ocean_second_sidebar":"","ocean_disable_margins":"enable","ocean_add_body_class":"","ocean_shortcode_before_top_bar":"","ocean_shortcode_after_top_bar":"","ocean_shortcode_before_header":"","ocean_shortcode_after_header":"","ocean_has_shortcode":"","ocean_shortcode_after_title":"","ocean_shortcode_before_footer_widgets":"","ocean_shortcode_after_footer_widgets":"","ocean_shortcode_before_footer_bottom":"","ocean_shortcode_after_footer_bottom":"","ocean_display_top_bar":"default","ocean_display_header":"default","ocean_header_style":"","ocean_center_header_left_menu":"","ocean_custom_header_template":"","ocean_custom_logo":0,"ocean_custom_retina_logo":0,"ocean_custom_logo_max_width":0,"ocean_custom_logo_tablet_max_width":0,"ocean_custom_logo_mobile_max_width":0,"ocean_custom_logo_max_height":0,"ocean_custom_logo_tablet_max_height":0,"ocean_custom_logo_mobile_max_height":0,"ocean_header_custom_menu":"0","ocean_menu_typo_font_family":"","ocean_menu_typo_font_subset":"","ocean_menu_typo_font_size":0,"ocean_menu_typo_font_size_tablet":0,"ocean_menu_typo_font_size_mobile":0,"ocean_menu_typo_font_size_unit":"px","ocean_menu_typo_font_weight":"","ocean_menu_typo_font_weight_tablet":"","ocean_menu_typo_font_weight_mobile":"","ocean_menu_typo_transform":"","ocean_menu_typo_transform_tablet":"","ocean_menu_typo_transform_mobile":"","ocean_menu_typo_line_height":0,"ocean_menu_typo_line_height_tablet":0,"ocean_menu_typo_line_height_mobile":0,"ocean_menu_typo_line_height_unit":"","ocean_menu_typo_spacing":0,"ocean_menu_typo_spacing_tablet":0,"ocean_menu_typo_spacing_mobile":0,"ocean_menu_typo_spacing_unit":"","ocean_menu_link_color":"","ocean_menu_link_color_hover":"","ocean_menu_link_color_active":"","ocean_menu_link_background":"","ocean_menu_link_hover_background":"","ocean_menu_link_active_background":"","ocean_menu_social_links_bg":"","ocean_menu_social_hover_links_bg":"","ocean_menu_social_links_color":"","ocean_menu_social_hover_links_color":"","ocean_disable_title":"default","ocean_disable_heading":"default","ocean_post_title":"","ocean_post_subheading":"","ocean_post_title_style":"","ocean_post_title_background_color":"","ocean_post_title_background":0,"ocean_post_title_bg_image_position":"","ocean_post_title_bg_image_attachment":"","ocean_post_title_bg_image_repeat":"","ocean_post_title_bg_image_size":"","ocean_post_title_height":400,"ocean_post_title_bg_overlay":0.5,"ocean_post_title_bg_overlay_color":"","ocean_disable_breadcrumbs":"default","ocean_breadcrumbs_color":"","ocean_breadcrumbs_separator_color":"","ocean_breadcrumbs_links_color":"","ocean_breadcrumbs_links_hover_color":"","ocean_display_footer_widgets":"default","ocean_display_footer_bottom":"default","ocean_custom_footer_template":"","omw_enable_modal_window":"enable","footnotes":""},"class_list":["post-17","page","type-page","status-publish","hentry","entry","owp-thumbs-layout-horizontal","owp-btn-normal","owp-tabs-layout-horizontal","has-no-thumbnails","has-product-nav"],"_links":{"self":[{"href":"https:\/\/gruponutre.com\/index.php\/wp-json\/wp\/v2\/pages\/17","targetHints":{"allow":["GET"]}}],"collection":[{"href":"https:\/\/gruponutre.com\/index.php\/wp-json\/wp\/v2\/pages"}],"about":[{"href":"https:\/\/gruponutre.com\/index.php\/wp-json\/wp\/v2\/types\/page"}],"author":[{"embeddable":true,"href":"https:\/\/gruponutre.com\/index.php\/wp-json\/wp\/v2\/users\/2"}],"replies":[{"embeddable":true,"href":"https:\/\/gruponutre.com\/index.php\/wp-json\/wp\/v2\/comments?post=17"}],"version-history":[{"count":61,"href":"https:\/\/gruponutre.com\/index.php\/wp-json\/wp\/v2\/pages\/17\/revisions"}],"predecessor-version":[{"id":597,"href":"https:\/\/gruponutre.com\/index.php\/wp-json\/wp\/v2\/pages\/17\/revisions\/597"}],"wp:attachment":[{"href":"https:\/\/gruponutre.com\/index.php\/wp-json\/wp\/v2\/media?parent=17"}],"curies":[{"name":"wp","href":"https:\/\/api.w.org\/{rel}","templated":true}]}}